{"id":229,"date":"2014-05-05T19:00:02","date_gmt":"2014-05-05T19:00:02","guid":{"rendered":"http:\/\/www.darmon.ro\/?page_id=229"},"modified":"2023-08-22T13:43:37","modified_gmt":"2023-08-22T13:43:37","slug":"contact","status":"publish","type":"page","link":"http:\/\/www.darmon.ro\/?page_id=229","title":{"rendered":"Contact"},"content":{"rendered":"<p>\u00cemi pute\u021bi l\u0103sa un mesaj mai jos. V\u0103 voi r\u0103spunde \u00een cel mai scurt timp.<\/p>\n<p>Mul\u021bumesc!<\/p>\n","protected":false},"excerpt":{"rendered":"<p>\u00cemi pute\u021bi l\u0103sa un mesaj mai jos. V\u0103 voi r\u0103spunde \u00een cel mai scurt timp. Mul\u021bumesc!<\/p>\n","protected":false},"author":1,"featured_media":0,"parent":0,"menu_order":5,"comment_status":"closed","ping_status":"open","template":"contact.php","meta":[],"_links":{"self":[{"href":"http:\/\/www.darmon.ro\/index.php?rest_route=\/wp\/v2\/pages\/229"}],"collection":[{"href":"http:\/\/www.darmon.ro\/index.php?rest_route=\/wp\/v2\/pages"}],"about":[{"href":"http:\/\/www.darmon.ro\/index.php?rest_route=\/wp\/v2\/types\/page"}],"author":[{"embeddable":true,"href":"http:\/\/www.darmon.ro\/index.php?rest_route=\/wp\/v2\/users\/1"}],"replies":[{"embeddable":true,"href":"http:\/\/www.darmon.ro\/index.php?rest_route=%2Fwp%2Fv2%2Fcomments&post=229"}],"version-history":[{"count":9,"href":"http:\/\/www.darmon.ro\/index.php?rest_route=\/wp\/v2\/pages\/229\/revisions"}],"predecessor-version":[{"id":1805,"href":"http:\/\/www.darmon.ro\/index.php?rest_route=\/wp\/v2\/pages\/229\/revisions\/1805"}],"wp:attachment":[{"href":"http:\/\/www.darmon.ro\/index.php?rest_route=%2Fwp%2Fv2%2Fmedia&parent=229"}],"curies":[{"name":"wp","href":"https:\/\/api.w.org\/{rel}","templated":true}]}}